{"id":24,"date":"2021-07-01T17:07:44","date_gmt":"2021-07-01T15:07:44","guid":{"rendered":"https:\/\/actriumtt.com\/actrium-chambery\/?page_id=24"},"modified":"2022-02-10T17:26:18","modified_gmt":"2022-02-10T15:26:18","slug":"mentions-legales","status":"publish","type":"page","link":"https:\/\/actriumtt.com\/actrium-chambery\/mentions-legales\/","title":{"rendered":"Mentions l\u00e9gales"},"content":{"rendered":"<p>Merci de lire attentivement les pr\u00e9sentes modalit\u00e9s d\u2019utilisation du pr\u00e9sent site avant de le parcourir. En vous connectant sur ce site, vous acceptez sans r\u00e9serve les pr\u00e9sentes modalit\u00e9s.<\/p>\n<h2>Cr\u00e9ateur et \u00e9diteur du site internet<\/h2>\n<p>Cr\u00e9ation du site internet \u00e0 Chamb\u00e9ry par l\u2019Agence de communication Nouvel Oeil<br \/>\n1, rue Claude Martin \u2013 73000 Chamb\u00e9ry<br \/>\nT\u00e9l : 04 79 68 94 48 \u2013 www.nouvel-oeil.com<\/p>\n<h2>Conditions d\u2019utilisation<\/h2>\n<p>Le site est exploit\u00e9 dans le respect de la l\u00e9gislation fran\u00e7aise. L\u2019utilisation de ce site est r\u00e9gie par les pr\u00e9sentes conditions g\u00e9n\u00e9rales. En utilisant le site, vous reconnaissez avoir pris connaissance de ces conditions et les avoir accept\u00e9es. Celles-ci pourront \u00eatres modifi\u00e9es \u00e0 tout moment et sans pr\u00e9avis par l\u2019\u00e9diteur du site internet.<br \/>\nLe propri\u00e9taire du site ne saurait \u00eatre tenu pour responsable en aucune mani\u00e8re d\u2019une mauvaise utilisation du service.<\/p>\n<h2>Limitation de responsabilit\u00e9<\/h2>\n<p>Les informations contenues sur ce site sont aussi pr\u00e9cises que possibles et le site est p\u00e9riodiquement remis \u00e0 jour, mais peut toutefois contenir des inexactitudes, des omissions ou des lacunes. Si vous constatez une lacune, erreur ou ce qui parait \u00eatre un dysfonctionnement, merci de bien vouloir le signaler par email en d\u00e9crivant le probl\u00e8me de la mani\u00e8re la plus pr\u00e9cise possible (page posant probl\u00e8me, action d\u00e9clenchante, type d\u2019ordinateur et de navigateur utilis\u00e9, \u2026).<\/p>\n<p>Tout contenu t\u00e9l\u00e9charg\u00e9 se fait aux risques et p\u00e9rils de l\u2019utilisateur et sous sa seule responsabilit\u00e9. En cons\u00e9quence, le propri\u00e9taire du site internet ne saurait \u00eatre tenu responsable d\u2019un quelconque dommage subi par l\u2019ordinateur de l\u2019utilisateur ou d\u2019une quelconque perte de donn\u00e9es cons\u00e9cutives au t\u00e9l\u00e9chargement.<\/p>\n<p>Les photos sont non contractuelles.<\/p>\n<p>Les liens hypertextes mis en place dans le cadre du pr\u00e9sent site internet en direction d\u2019autres ressources pr\u00e9sentes sur le r\u00e9seau Internet ne sauraient engager la responsabilit\u00e9 du propri\u00e9taire du site internet<\/p>\n<h2>Litiges<\/h2>\n<p>Les pr\u00e9sentes conditions sont r\u00e9gies par les lois fran\u00e7aises et toute contestation ou litiges qui pourraient na\u00eetre de l\u2019interpr\u00e9tation ou de l\u2019ex\u00e9cution de celles-ci seront de la comp\u00e9tence exclusive des tribunaux dont d\u00e9pend le si\u00e8ge social du propri\u00e9taire du site internet. La langue de r\u00e9f\u00e9rence, pour le r\u00e8glement de contentieux \u00e9ventuels, est le fran\u00e7ais.<\/p>\n<h2>Droit d\u2019acc\u00e8s<\/h2>\n<p>En application de cette loi, les internautes disposent d\u2019un droit d\u2019acc\u00e8s, de rectification, de modification et de suppression concernant les donn\u00e9es qui les concernent personnellement. Ce droit peut \u00eatre exerc\u00e9 en contactant le gestionnaire du site internet : Contacter le gestionnaire.<br \/>\nLes informations personnelles collect\u00e9es ne sont en aucun cas confi\u00e9es \u00e0 des tiers hormis pour l\u2019\u00e9ventuelle bonne ex\u00e9cution de la prestation command\u00e9e par l\u2019internaute.<\/p>\n<h2>Confidentialit\u00e9<\/h2>\n<p>Vos donn\u00e9es personnelles sont confidentielles et ne seront en aucun cas communiqu\u00e9es \u00e0 des tiers hormis pour la bonne ex\u00e9cution de la prestation.<\/p>\n<h2>Propri\u00e9t\u00e9 intellectuelle<\/h2>\n<p>Pour toute demande d\u2019autorisation ou d\u2019information, veuillez nous contacter : contact. Des conditions sp\u00e9cifiques sont pr\u00e9vues pour la presse.<\/p>\n<p>Certaines illustrations ont \u00e9t\u00e9 acquises sur <a href=\"http:\/\/www.unsplash.fr\/\" target=\"_blank\" rel=\"noopener\">www.unsplash.fr<\/a> et\/ou <a href=\"http:\/\/www.freepik.fr\/\" target=\"_blank\" rel=\"noopener\">www.freepik.fr<\/a><\/p>\n<h2>Liens hypertextes<\/h2>\n<p>Le site internet peut offrir des liens vers d\u2019autres sites internet ou d\u2019autres ressources disponibles sur Internet.<\/p>\n<p>Le propri\u00e9taire du site internet ne dispose d\u2019aucun moyen pour contr\u00f4ler les sites en connexion avec ses sites internet. Le propri\u00e9taire du site internet ne r\u00e9pond pas de la disponibilit\u00e9 de tels sites et sources externes, ni ne la garantit. Elle ne peut \u00eatre tenue pour responsable de tout dommage, de quelque nature que ce soit, r\u00e9sultant du contenu de ces sites ou sources externes, et notamment des informations, produits ou services qu\u2019ils proposent, ou de tout usage qui peut \u00eatre fait de ces \u00e9l\u00e9ments. Les risques li\u00e9s \u00e0 cette utilisation incombent pleinement \u00e0 l\u2019internaute, qui doit se conformer \u00e0 leurs conditions d\u2019utilisation.<\/p>\n<h2>Cookies<\/h2>\n<p>Ce site utilise des cookies \u2013 de petits fichiers texte qui sont plac\u00e9s sur votre machine pour aider le site \u00e0 fournir une meilleure exp\u00e9rience utilisateur. En g\u00e9n\u00e9ral, les cookies sont utilis\u00e9s pour conserver les pr\u00e9f\u00e9rences de l\u2019utilisateur, stocker des informations pour des choses comme les paniers d\u2019achat et fournir des donn\u00e9es de suivi anonymis\u00e9es \u00e0 des applications tierces comme Google Analytics. En r\u00e8gle g\u00e9n\u00e9rale, les cookies rendront votre exp\u00e9rience de navigation meilleure. Toutefois, vous pouvez pr\u00e9f\u00e9rer d\u00e9sactiver les cookies sur ce site et sur d\u2019autres. Le moyen le plus efficace consiste \u00e0 d\u00e9sactiver les cookies dans votre navigateur. Nous vous sugg\u00e9rons de consulter la section Aide de votre navigateur ou de consulter le site Web \u00c0 propos des cookies (en anglais) qui propose des conseils pour tous les navigateurs modernes.<\/p>\n","protected":false},"excerpt":{"rendered":"<p>Merci de lire attentivement les pr\u00e9sentes modalit\u00e9s d\u2019utilisation du pr\u00e9sent site avant de le parcourir. En vous connectant sur ce site, vous acceptez sans r\u00e9serve les pr\u00e9sentes modalit\u00e9s. Cr\u00e9ateur et \u00e9diteur du site internet Cr\u00e9ation du site internet \u00e0 Chamb\u00e9ry par l\u2019Agence de communication Nouvel Oeil 1, rue Claude Martin \u2013 73000 Chamb\u00e9ry T\u00e9l : [&hellip;]<\/p>\n","protected":false},"author":2,"featured_media":0,"parent":0,"menu_order":0,"comment_status":"closed","ping_status":"closed","template":"","meta":{"_acf_changed":false,"_monsterinsights_skip_tracking":false,"_monsterinsights_sitenote_active":false,"_monsterinsights_sitenote_note":"","_monsterinsights_sitenote_category":0,"footnotes":""},"class_list":["post-24","page","type-page","status-publish","hentry"],"acf":[],"yoast_head":"<!-- This site is optimized with the Yoast SEO plugin v24.5 - https:\/\/yoast.com\/wordpress\/plugins\/seo\/ -->\n<title>Mentions l\u00e9gales - Actrium Chamb\u00e9ry<\/title>\n<meta name=\"robots\" content=\"index, follow, max-snippet:-1, max-image-preview:large, max-video-preview:-1\" \/>\n<link rel=\"canonical\" href=\"https:\/\/actriumtt.com\/actrium-chambery\/mentions-legales\/\" \/>\n<meta property=\"og:locale\" content=\"fr_FR\" \/>\n<meta property=\"og:type\" content=\"article\" \/>\n<meta property=\"og:title\" content=\"Mentions l\u00e9gales - Actrium Chamb\u00e9ry\" \/>\n<meta property=\"og:description\" content=\"Merci de lire attentivement les pr\u00e9sentes modalit\u00e9s d\u2019utilisation du pr\u00e9sent site avant de le parcourir. En vous connectant sur ce site, vous acceptez sans r\u00e9serve les pr\u00e9sentes modalit\u00e9s. Cr\u00e9ateur et \u00e9diteur du site internet Cr\u00e9ation du site internet \u00e0 Chamb\u00e9ry par l\u2019Agence de communication Nouvel Oeil 1, rue Claude Martin \u2013 73000 Chamb\u00e9ry T\u00e9l : [&hellip;]\" \/>\n<meta property=\"og:url\" content=\"https:\/\/actriumtt.com\/actrium-chambery\/mentions-legales\/\" \/>\n<meta property=\"og:site_name\" content=\"Actrium Chamb\u00e9ry\" \/>\n<meta property=\"article:modified_time\" content=\"2022-02-10T15:26:18+00:00\" \/>\n<meta name=\"twitter:card\" content=\"summary_large_image\" \/>\n<meta name=\"twitter:label1\" content=\"Dur\u00e9e de lecture estim\u00e9e\" \/>\n\t<meta name=\"twitter:data1\" content=\"4 minutes\" \/>\n<script type=\"application\/ld+json\" class=\"yoast-schema-graph\">{\"@context\":\"https:\/\/schema.org\",\"@graph\":[{\"@type\":\"WebPage\",\"@id\":\"https:\/\/actriumtt.com\/actrium-chambery\/mentions-legales\/\",\"url\":\"https:\/\/actriumtt.com\/actrium-chambery\/mentions-legales\/\",\"name\":\"Mentions l\u00e9gales - Actrium Chamb\u00e9ry\",\"isPartOf\":{\"@id\":\"https:\/\/actriumtt.com\/actrium-chambery\/#website\"},\"datePublished\":\"2021-07-01T15:07:44+00:00\",\"dateModified\":\"2022-02-10T15:26:18+00:00\",\"inLanguage\":\"fr-FR\",\"potentialAction\":[{\"@type\":\"ReadAction\",\"target\":[\"https:\/\/actriumtt.com\/actrium-chambery\/mentions-legales\/\"]}]},{\"@type\":\"WebSite\",\"@id\":\"https:\/\/actriumtt.com\/actrium-chambery\/#website\",\"url\":\"https:\/\/actriumtt.com\/actrium-chambery\/\",\"name\":\"Actrium Chamb\u00e9ry\",\"description\":\"\",\"potentialAction\":[{\"@type\":\"SearchAction\",\"target\":{\"@type\":\"EntryPoint\",\"urlTemplate\":\"https:\/\/actriumtt.com\/actrium-chambery\/?s={search_term_string}\"},\"query-input\":{\"@type\":\"PropertyValueSpecification\",\"valueRequired\":true,\"valueName\":\"search_term_string\"}}],\"inLanguage\":\"fr-FR\"}]}<\/script>\n<!-- \/ Yoast SEO plugin. -->","yoast_head_json":{"title":"Mentions l\u00e9gales - Actrium Chamb\u00e9ry","robots":{"index":"index","follow":"follow","max-snippet":"max-snippet:-1","max-image-preview":"max-image-preview:large","max-video-preview":"max-video-preview:-1"},"canonical":"https:\/\/actriumtt.com\/actrium-chambery\/mentions-legales\/","og_locale":"fr_FR","og_type":"article","og_title":"Mentions l\u00e9gales - Actrium Chamb\u00e9ry","og_description":"Merci de lire attentivement les pr\u00e9sentes modalit\u00e9s d\u2019utilisation du pr\u00e9sent site avant de le parcourir. En vous connectant sur ce site, vous acceptez sans r\u00e9serve les pr\u00e9sentes modalit\u00e9s. Cr\u00e9ateur et \u00e9diteur du site internet Cr\u00e9ation du site internet \u00e0 Chamb\u00e9ry par l\u2019Agence de communication Nouvel Oeil 1, rue Claude Martin \u2013 73000 Chamb\u00e9ry T\u00e9l : [&hellip;]","og_url":"https:\/\/actriumtt.com\/actrium-chambery\/mentions-legales\/","og_site_name":"Actrium Chamb\u00e9ry","article_modified_time":"2022-02-10T15:26:18+00:00","twitter_card":"summary_large_image","twitter_misc":{"Dur\u00e9e de lecture estim\u00e9e":"4 minutes"},"schema":{"@context":"https:\/\/schema.org","@graph":[{"@type":"WebPage","@id":"https:\/\/actriumtt.com\/actrium-chambery\/mentions-legales\/","url":"https:\/\/actriumtt.com\/actrium-chambery\/mentions-legales\/","name":"Mentions l\u00e9gales - Actrium Chamb\u00e9ry","isPartOf":{"@id":"https:\/\/actriumtt.com\/actrium-chambery\/#website"},"datePublished":"2021-07-01T15:07:44+00:00","dateModified":"2022-02-10T15:26:18+00:00","inLanguage":"fr-FR","potentialAction":[{"@type":"ReadAction","target":["https:\/\/actriumtt.com\/actrium-chambery\/mentions-legales\/"]}]},{"@type":"WebSite","@id":"https:\/\/actriumtt.com\/actrium-chambery\/#website","url":"https:\/\/actriumtt.com\/actrium-chambery\/","name":"Actrium Chamb\u00e9ry","description":"","potentialAction":[{"@type":"SearchAction","target":{"@type":"EntryPoint","urlTemplate":"https:\/\/actriumtt.com\/actrium-chambery\/?s={search_term_string}"},"query-input":{"@type":"PropertyValueSpecification","valueRequired":true,"valueName":"search_term_string"}}],"inLanguage":"fr-FR"}]}},"_links":{"self":[{"href":"https:\/\/actriumtt.com\/actrium-chambery\/wp-json\/wp\/v2\/pages\/24","targetHints":{"allow":["GET"]}}],"collection":[{"href":"https:\/\/actriumtt.com\/actrium-chambery\/wp-json\/wp\/v2\/pages"}],"about":[{"href":"https:\/\/actriumtt.com\/actrium-chambery\/wp-json\/wp\/v2\/types\/page"}],"author":[{"embeddable":true,"href":"https:\/\/actriumtt.com\/actrium-chambery\/wp-json\/wp\/v2\/users\/2"}],"replies":[{"embeddable":true,"href":"https:\/\/actriumtt.com\/actrium-chambery\/wp-json\/wp\/v2\/comments?post=24"}],"version-history":[{"count":5,"href":"https:\/\/actriumtt.com\/actrium-chambery\/wp-json\/wp\/v2\/pages\/24\/revisions"}],"predecessor-version":[{"id":241,"href":"https:\/\/actriumtt.com\/actrium-chambery\/wp-json\/wp\/v2\/pages\/24\/revisions\/241"}],"wp:attachment":[{"href":"https:\/\/actriumtt.com\/actrium-chambery\/wp-json\/wp\/v2\/media?parent=24"}],"curies":[{"name":"wp","href":"https:\/\/api.w.org\/{rel}","templated":true}]}}