{"id":264,"date":"2022-04-19T11:02:29","date_gmt":"2022-04-19T09:02:29","guid":{"rendered":"https:\/\/actriumtt.com\/actrium-chambery\/?page_id=264"},"modified":"2022-04-19T14:16:31","modified_gmt":"2022-04-19T12:16:31","slug":"nos-offres","status":"publish","type":"page","link":"https:\/\/actriumtt.com\/actrium-chambery\/nos-offres\/","title":{"rendered":"Nos offres"},"content":{"rendered":"<p>Vous pr\u00e9f\u00e9rez d\u00e9poser directement un CV ?<\/p>\n<p><a class=\"btn-secondary\" href=\"https:\/\/actriumtt.com\/actrium-chambery\/deposer-un-cv\/\">D\u00e9posez votre CV<\/a><\/p>\n","protected":false},"excerpt":{"rendered":"<p>Vous pr\u00e9f\u00e9rez d\u00e9poser directement un CV ? D\u00e9posez votre CV<\/p>\n","protected":false},"author":2,"featured_media":0,"parent":0,"menu_order":0,"comment_status":"closed","ping_status":"closed","template":"","meta":{"_acf_changed":false,"_monsterinsights_skip_tracking":false,"_monsterinsights_sitenote_active":false,"_monsterinsights_sitenote_note":"","_monsterinsights_sitenote_category":0,"footnotes":""},"class_list":["post-264","page","type-page","status-publish","hentry"],"acf":[],"yoast_head":"<!-- This site is optimized with the Yoast SEO plugin v24.5 - https:\/\/yoast.com\/wordpress\/plugins\/seo\/ -->\n<title>Nos offres - Actrium Chamb\u00e9ry<\/title>\n<meta name=\"robots\" content=\"index, follow, max-snippet:-1, max-image-preview:large, max-video-preview:-1\" \/>\n<link rel=\"canonical\" href=\"https:\/\/actriumtt.com\/actrium-chambery\/nos-offres\/\" \/>\n<meta property=\"og:locale\" content=\"fr_FR\" \/>\n<meta property=\"og:type\" content=\"article\" \/>\n<meta property=\"og:title\" content=\"Nos offres - Actrium Chamb\u00e9ry\" \/>\n<meta property=\"og:description\" content=\"Vous pr\u00e9f\u00e9rez d\u00e9poser directement un CV ? D\u00e9posez votre CV\" \/>\n<meta property=\"og:url\" content=\"https:\/\/actriumtt.com\/actrium-chambery\/nos-offres\/\" \/>\n<meta property=\"og:site_name\" content=\"Actrium Chamb\u00e9ry\" \/>\n<meta property=\"article:modified_time\" content=\"2022-04-19T12:16:31+00:00\" \/>\n<meta name=\"twitter:card\" content=\"summary_large_image\" \/>\n<meta name=\"twitter:label1\" content=\"Dur\u00e9e de lecture estim\u00e9e\" \/>\n\t<meta name=\"twitter:data1\" content=\"1 minute\" \/>\n<script type=\"application\/ld+json\" class=\"yoast-schema-graph\">{\"@context\":\"https:\/\/schema.org\",\"@graph\":[{\"@type\":\"WebPage\",\"@id\":\"https:\/\/actriumtt.com\/actrium-chambery\/nos-offres\/\",\"url\":\"https:\/\/actriumtt.com\/actrium-chambery\/nos-offres\/\",\"name\":\"Nos offres - Actrium Chamb\u00e9ry\",\"isPartOf\":{\"@id\":\"https:\/\/actriumtt.com\/actrium-chambery\/#website\"},\"datePublished\":\"2022-04-19T09:02:29+00:00\",\"dateModified\":\"2022-04-19T12:16:31+00:00\",\"inLanguage\":\"fr-FR\",\"potentialAction\":[{\"@type\":\"ReadAction\",\"target\":[\"https:\/\/actriumtt.com\/actrium-chambery\/nos-offres\/\"]}]},{\"@type\":\"WebSite\",\"@id\":\"https:\/\/actriumtt.com\/actrium-chambery\/#website\",\"url\":\"https:\/\/actriumtt.com\/actrium-chambery\/\",\"name\":\"Actrium Chamb\u00e9ry\",\"description\":\"\",\"potentialAction\":[{\"@type\":\"SearchAction\",\"target\":{\"@type\":\"EntryPoint\",\"urlTemplate\":\"https:\/\/actriumtt.com\/actrium-chambery\/?s={search_term_string}\"},\"query-input\":{\"@type\":\"PropertyValueSpecification\",\"valueRequired\":true,\"valueName\":\"search_term_string\"}}],\"inLanguage\":\"fr-FR\"}]}<\/script>\n<!-- \/ Yoast SEO plugin. -->","yoast_head_json":{"title":"Nos offres - Actrium Chamb\u00e9ry","robots":{"index":"index","follow":"follow","max-snippet":"max-snippet:-1","max-image-preview":"max-image-preview:large","max-video-preview":"max-video-preview:-1"},"canonical":"https:\/\/actriumtt.com\/actrium-chambery\/nos-offres\/","og_locale":"fr_FR","og_type":"article","og_title":"Nos offres - Actrium Chamb\u00e9ry","og_description":"Vous pr\u00e9f\u00e9rez d\u00e9poser directement un CV ? D\u00e9posez votre CV","og_url":"https:\/\/actriumtt.com\/actrium-chambery\/nos-offres\/","og_site_name":"Actrium Chamb\u00e9ry","article_modified_time":"2022-04-19T12:16:31+00:00","twitter_card":"summary_large_image","twitter_misc":{"Dur\u00e9e de lecture estim\u00e9e":"1 minute"},"schema":{"@context":"https:\/\/schema.org","@graph":[{"@type":"WebPage","@id":"https:\/\/actriumtt.com\/actrium-chambery\/nos-offres\/","url":"https:\/\/actriumtt.com\/actrium-chambery\/nos-offres\/","name":"Nos offres - Actrium Chamb\u00e9ry","isPartOf":{"@id":"https:\/\/actriumtt.com\/actrium-chambery\/#website"},"datePublished":"2022-04-19T09:02:29+00:00","dateModified":"2022-04-19T12:16:31+00:00","inLanguage":"fr-FR","potentialAction":[{"@type":"ReadAction","target":["https:\/\/actriumtt.com\/actrium-chambery\/nos-offres\/"]}]},{"@type":"WebSite","@id":"https:\/\/actriumtt.com\/actrium-chambery\/#website","url":"https:\/\/actriumtt.com\/actrium-chambery\/","name":"Actrium Chamb\u00e9ry","description":"","potentialAction":[{"@type":"SearchAction","target":{"@type":"EntryPoint","urlTemplate":"https:\/\/actriumtt.com\/actrium-chambery\/?s={search_term_string}"},"query-input":{"@type":"PropertyValueSpecification","valueRequired":true,"valueName":"search_term_string"}}],"inLanguage":"fr-FR"}]}},"_links":{"self":[{"href":"https:\/\/actriumtt.com\/actrium-chambery\/wp-json\/wp\/v2\/pages\/264","targetHints":{"allow":["GET"]}}],"collection":[{"href":"https:\/\/actriumtt.com\/actrium-chambery\/wp-json\/wp\/v2\/pages"}],"about":[{"href":"https:\/\/actriumtt.com\/actrium-chambery\/wp-json\/wp\/v2\/types\/page"}],"author":[{"embeddable":true,"href":"https:\/\/actriumtt.com\/actrium-chambery\/wp-json\/wp\/v2\/users\/2"}],"replies":[{"embeddable":true,"href":"https:\/\/actriumtt.com\/actrium-chambery\/wp-json\/wp\/v2\/comments?post=264"}],"version-history":[{"count":4,"href":"https:\/\/actriumtt.com\/actrium-chambery\/wp-json\/wp\/v2\/pages\/264\/revisions"}],"predecessor-version":[{"id":315,"href":"https:\/\/actriumtt.com\/actrium-chambery\/wp-json\/wp\/v2\/pages\/264\/revisions\/315"}],"wp:attachment":[{"href":"https:\/\/actriumtt.com\/actrium-chambery\/wp-json\/wp\/v2\/media?parent=264"}],"curies":[{"name":"wp","href":"https:\/\/api.w.org\/{rel}","templated":true}]}}