{"id":26,"date":"2021-07-01T17:07:59","date_gmt":"2021-07-01T15:07:59","guid":{"rendered":"https:\/\/actriumtt.com\/actrium-evreux\/?page_id=26"},"modified":"2021-07-20T15:31:52","modified_gmt":"2021-07-20T13:31:52","slug":"conditions-generales-utilisations","status":"publish","type":"page","link":"https:\/\/actriumtt.com\/actrium-evreux\/conditions-generales-utilisations\/","title":{"rendered":"Conditions g\u00e9n\u00e9rales d&rsquo;utilisations"},"content":{"rendered":"<p>Les pr\u00e9sentes \u00ab conditions g\u00e9n\u00e9rales d\u2019utilisation \u00bb ont pour objet l\u2019encadrement juridique des modalit\u00e9s de mise \u00e0 disposition des services du site internet et leur utilisation par \u00ab l\u2019Utilisateur \u00bb. Les conditions g\u00e9n\u00e9rales d\u2019utilisation doivent \u00eatre accept\u00e9es par tout Utilisateur souhaitant acc\u00e9der au site. Elles constituent le contrat entre le site et l\u2019Utilisateur. L\u2019acc\u00e8s au site par l\u2019Utilisateur signifie son acceptation des pr\u00e9sentes conditions g\u00e9n\u00e9rales d\u2019utilisation. Nous nous r\u00e9servons le droit de modifier unilat\u00e9ralement et \u00e0 tout moment le contenu des pr\u00e9sentes CGU.<\/p>\n<h2>D\u00e9finitions<\/h2>\n<p>La pr\u00e9sente clause a pour objet de d\u00e9finir les diff\u00e9rents termes essentiels du contrat :<\/p>\n<ul>\n<li>Utilisateur : ce terme d\u00e9signe toute personne qui utilise le site ou l\u2019un des services propos\u00e9s par le site.<\/li>\n<li>Contenu utilisateur : ce sont les donn\u00e9es transmises par l\u2019Utilisateur au sein du site.<\/li>\n<li>Membre : l\u2019Utilisateur devient membre lorsqu\u2019il est identifi\u00e9 sur le site.<\/li>\n<li>Email et mot de passe : c\u2019est l\u2019ensemble des informations n\u00e9cessaires \u00e0 l\u2019identification d\u2019un Utilisateur sur le site. L\u2019adresse email et le mot de passe permettent \u00e0 l\u2019Utilisateur d\u2019acc\u00e9der \u00e0 des services r\u00e9serv\u00e9s aux membres du site. Le mot de passe est confidentiel.<\/li>\n<\/ul>\n<h2>Acc\u00e8s aux services<\/h2>\n<p>Le site est accessible gratuitement en tout lieu \u00e0 tout Utilisateur ayant un acc\u00e8s \u00e0 Internet. Tous les frais support\u00e9s par l\u2019Utilisateur pour acc\u00e9der au service (mat\u00e9riel informatique, logiciels, connexion Internet, etc.) sont \u00e0 sa charge. Selon le cas : L\u2019Utilisateur non membre n\u2019a pas acc\u00e8s aux services r\u00e9serv\u00e9s aux membres. Pour cela, il doit s\u2019identifier \u00e0 l\u2019aide de son email et de son mot de passe. Le site met en \u0153uvre tous les moyens mis \u00e0 sa disposition pour assurer un acc\u00e8s de qualit\u00e9 \u00e0 ses services. L\u2019obligation \u00e9tant de moyens, le site ne s\u2019engage pas \u00e0 atteindre ce r\u00e9sultat. Tout \u00e9v\u00e9nement d\u00fb \u00e0 un cas de force majeure ayant pour cons\u00e9quence un dysfonctionnement du r\u00e9seau ou du serveur n\u2019engage pas la responsabilit\u00e9 du propri\u00e9taire du site. L\u2019acc\u00e8s aux services du site peut \u00e0 tout moment faire l\u2019objet d\u2019une interruption, d\u2019une suspension, d\u2019une modification sans pr\u00e9avis pour une maintenance ou pour tout autre cas. L\u2019Utilisateur s\u2019oblige \u00e0 ne r\u00e9clamer aucune indemnisation suite \u00e0 l\u2019interruption, \u00e0 la suspension ou \u00e0 la modification du pr\u00e9sent contrat. L\u2019Utilisateur a la possibilit\u00e9 de contacter le gestionnaire du site ici : Contact<\/p>\n<h2>Propri\u00e9t\u00e9 intellectuelle<\/h2>\n<p>Les marques, logos, signes et tout autre contenu du site font l\u2019objet d\u2019une protection par le Code de la propri\u00e9t\u00e9 intellectuelle et plus particuli\u00e8rement par le droit d\u2019auteur. L\u2019Utilisateur sollicite l\u2019autorisation pr\u00e9alable du site pour toute reproduction, publication, copie des diff\u00e9rents contenus. L\u2019Utilisateur s\u2019engage \u00e0 une utilisation des contenus du site dans un cadre strictement priv\u00e9. Une utilisation des contenus \u00e0 des fins commerciales est strictement interdite. Tout contenu mis en ligne par l\u2019Utilisateur est de sa seule responsabilit\u00e9. L\u2019Utilisateur s\u2019engage \u00e0 ne pas mettre en ligne de contenus pouvant porter atteinte aux int\u00e9r\u00eats de tierces personnes. Tout recours en justice engag\u00e9 par un tiers l\u00e9s\u00e9 contre le site sera pris en charge par l\u2019Utilisateur. Le contenu de l\u2019Utilisateur peut \u00eatre \u00e0 tout moment et pour n\u2019importe quelle raison supprim\u00e9 ou modifi\u00e9 par le site. L\u2019Utilisateur ne re\u00e7oit aucune justification et notification pr\u00e9alablement \u00e0 la suppression ou \u00e0 la modification du contenu Utilisateur.<\/p>\n<h2>Responsabilit\u00e9 et force majeure<\/h2>\n<p>Les sources des informations diffus\u00e9es sur le site internet sont r\u00e9put\u00e9es fiables. Toutefois, le site se r\u00e9serve la facult\u00e9 d\u2019une non-garantie de la fiabilit\u00e9 des sources. Les informations donn\u00e9es sur le site le sont \u00e0 titre purement informatif. Ainsi, l\u2019Utilisateur assume seul l\u2019enti\u00e8re responsabilit\u00e9 de l\u2019utilisation des informations et contenus du pr\u00e9sent site. L\u2019Utilisateur s\u2019assure de garder son mot de passe secret. Toute divulgation du mot de passe, quelle que soit sa forme, est interdite. L\u2019Utilisateur assume les risques li\u00e9s \u00e0 l\u2019utilisation de son adresse email et mot de passe. Le site d\u00e9cline toute responsabilit\u00e9. Tout usage du service par l\u2019Utilisateur ayant directement ou indirectement pour cons\u00e9quence des dommages doit faire l\u2019objet d\u2019une indemnisation au profit du site. Une garantie optimale de la s\u00e9curit\u00e9 et de la confidentialit\u00e9 des donn\u00e9es transmises n\u2019est pas assur\u00e9e par le site. Toutefois, le site s\u2019engage \u00e0 mettre en \u0153uvre tous les moyens n\u00e9cessaires afin de garantir au mieux la s\u00e9curit\u00e9 et la confidentialit\u00e9 des donn\u00e9es. La responsabilit\u00e9 du site ne peut \u00eatre engag\u00e9e en cas de force majeure ou du fait impr\u00e9visible et insurmontable d\u2019un tiers.<\/p>\n<h2>Liens hypertextes<\/h2>\n<p>De nombreux liens hypertextes sortants sont pr\u00e9sents sur le site, cependant les pages web o\u00f9 m\u00e8nent ces liens n\u2019engagent en rien la responsabilit\u00e9 du propri\u00e9taire du site internet qui n\u2019a pas le contr\u00f4le de ces liens. L\u2019Utilisateur s\u2019interdit donc \u00e0 engager la responsabilit\u00e9 du site concernant le contenu et les ressources relatives \u00e0 ces liens hypertextes sortants.<\/p>\n<h2>\u00c9volution du contrat<\/h2>\n<p>Nous nous r\u00e9servons \u00e0 tout moment le droit de modifier les clauses stipul\u00e9es dans le pr\u00e9sent contrat. La dur\u00e9e du pr\u00e9sent contrat est ind\u00e9termin\u00e9e. Le contrat produit ses effets \u00e0 l\u2019\u00e9gard de l\u2019Utilisateur \u00e0 compter de l\u2019utilisation du service.<\/p>\n<h2>Droit applicable et juridiction comp\u00e9tente<\/h2>\n<p>La l\u00e9gislation fran\u00e7aise s\u2019applique au pr\u00e9sent contrat. En cas d\u2019absence de r\u00e9solution amiable d\u2019un litige n\u00e9 entre les parties, les tribunaux seront seuls comp\u00e9tents pour en conna\u00eetre<\/p>\n","protected":false},"excerpt":{"rendered":"<p>Les pr\u00e9sentes \u00ab conditions g\u00e9n\u00e9rales d\u2019utilisation \u00bb ont pour objet l\u2019encadrement juridique des modalit\u00e9s de mise \u00e0 disposition des services du site internet et leur utilisation par \u00ab l\u2019Utilisateur \u00bb. Les conditions g\u00e9n\u00e9rales d\u2019utilisation doivent \u00eatre accept\u00e9es par tout Utilisateur souhaitant acc\u00e9der au site. Elles constituent le contrat entre le site et l\u2019Utilisateur. L\u2019acc\u00e8s au [&hellip;]<\/p>\n","protected":false},"author":2,"featured_media":0,"parent":0,"menu_order":0,"comment_status":"closed","ping_status":"closed","template":"","meta":{"_acf_changed":false,"_monsterinsights_skip_tracking":false,"_monsterinsights_sitenote_active":false,"_monsterinsights_sitenote_note":"","_monsterinsights_sitenote_category":0,"footnotes":""},"class_list":["post-26","page","type-page","status-publish","hentry"],"acf":[],"yoast_head":"<!-- This site is optimized with the Yoast SEO plugin v24.5 - https:\/\/yoast.com\/wordpress\/plugins\/seo\/ -->\n<title>Conditions g\u00e9n\u00e9rales d&#039;utilisations - Actrium Evreux<\/title>\n<meta name=\"robots\" content=\"index, follow, max-snippet:-1, max-image-preview:large, max-video-preview:-1\" \/>\n<link rel=\"canonical\" href=\"https:\/\/actriumtt.com\/actrium-evreux\/conditions-generales-utilisations\/\" \/>\n<meta property=\"og:locale\" content=\"fr_FR\" \/>\n<meta property=\"og:type\" content=\"article\" \/>\n<meta property=\"og:title\" content=\"Conditions g\u00e9n\u00e9rales d&#039;utilisations - Actrium Evreux\" \/>\n<meta property=\"og:description\" content=\"Les pr\u00e9sentes \u00ab conditions g\u00e9n\u00e9rales d\u2019utilisation \u00bb ont pour objet l\u2019encadrement juridique des modalit\u00e9s de mise \u00e0 disposition des services du site internet et leur utilisation par \u00ab l\u2019Utilisateur \u00bb. Les conditions g\u00e9n\u00e9rales d\u2019utilisation doivent \u00eatre accept\u00e9es par tout Utilisateur souhaitant acc\u00e9der au site. Elles constituent le contrat entre le site et l\u2019Utilisateur. L\u2019acc\u00e8s au [&hellip;]\" \/>\n<meta property=\"og:url\" content=\"https:\/\/actriumtt.com\/actrium-evreux\/conditions-generales-utilisations\/\" \/>\n<meta property=\"og:site_name\" content=\"Actrium Evreux\" \/>\n<meta property=\"article:modified_time\" content=\"2021-07-20T13:31:52+00:00\" \/>\n<meta name=\"twitter:card\" content=\"summary_large_image\" \/>\n<meta name=\"twitter:label1\" content=\"Dur\u00e9e de lecture estim\u00e9e\" \/>\n\t<meta name=\"twitter:data1\" content=\"4 minutes\" \/>\n<script type=\"application\/ld+json\" class=\"yoast-schema-graph\">{\"@context\":\"https:\/\/schema.org\",\"@graph\":[{\"@type\":\"WebPage\",\"@id\":\"https:\/\/actriumtt.com\/actrium-evreux\/conditions-generales-utilisations\/\",\"url\":\"https:\/\/actriumtt.com\/actrium-evreux\/conditions-generales-utilisations\/\",\"name\":\"Conditions g\u00e9n\u00e9rales d'utilisations - Actrium Evreux\",\"isPartOf\":{\"@id\":\"https:\/\/actriumtt.com\/actrium-evreux\/#website\"},\"datePublished\":\"2021-07-01T15:07:59+00:00\",\"dateModified\":\"2021-07-20T13:31:52+00:00\",\"inLanguage\":\"fr-FR\",\"potentialAction\":[{\"@type\":\"ReadAction\",\"target\":[\"https:\/\/actriumtt.com\/actrium-evreux\/conditions-generales-utilisations\/\"]}]},{\"@type\":\"WebSite\",\"@id\":\"https:\/\/actriumtt.com\/actrium-evreux\/#website\",\"url\":\"https:\/\/actriumtt.com\/actrium-evreux\/\",\"name\":\"Actrium Evreux\",\"description\":\"\",\"potentialAction\":[{\"@type\":\"SearchAction\",\"target\":{\"@type\":\"EntryPoint\",\"urlTemplate\":\"https:\/\/actriumtt.com\/actrium-evreux\/?s={search_term_string}\"},\"query-input\":{\"@type\":\"PropertyValueSpecification\",\"valueRequired\":true,\"valueName\":\"search_term_string\"}}],\"inLanguage\":\"fr-FR\"}]}<\/script>\n<!-- \/ Yoast SEO plugin. -->","yoast_head_json":{"title":"Conditions g\u00e9n\u00e9rales d'utilisations - Actrium Evreux","robots":{"index":"index","follow":"follow","max-snippet":"max-snippet:-1","max-image-preview":"max-image-preview:large","max-video-preview":"max-video-preview:-1"},"canonical":"https:\/\/actriumtt.com\/actrium-evreux\/conditions-generales-utilisations\/","og_locale":"fr_FR","og_type":"article","og_title":"Conditions g\u00e9n\u00e9rales d'utilisations - Actrium Evreux","og_description":"Les pr\u00e9sentes \u00ab conditions g\u00e9n\u00e9rales d\u2019utilisation \u00bb ont pour objet l\u2019encadrement juridique des modalit\u00e9s de mise \u00e0 disposition des services du site internet et leur utilisation par \u00ab l\u2019Utilisateur \u00bb. Les conditions g\u00e9n\u00e9rales d\u2019utilisation doivent \u00eatre accept\u00e9es par tout Utilisateur souhaitant acc\u00e9der au site. Elles constituent le contrat entre le site et l\u2019Utilisateur. L\u2019acc\u00e8s au [&hellip;]","og_url":"https:\/\/actriumtt.com\/actrium-evreux\/conditions-generales-utilisations\/","og_site_name":"Actrium Evreux","article_modified_time":"2021-07-20T13:31:52+00:00","twitter_card":"summary_large_image","twitter_misc":{"Dur\u00e9e de lecture estim\u00e9e":"4 minutes"},"schema":{"@context":"https:\/\/schema.org","@graph":[{"@type":"WebPage","@id":"https:\/\/actriumtt.com\/actrium-evreux\/conditions-generales-utilisations\/","url":"https:\/\/actriumtt.com\/actrium-evreux\/conditions-generales-utilisations\/","name":"Conditions g\u00e9n\u00e9rales d'utilisations - Actrium Evreux","isPartOf":{"@id":"https:\/\/actriumtt.com\/actrium-evreux\/#website"},"datePublished":"2021-07-01T15:07:59+00:00","dateModified":"2021-07-20T13:31:52+00:00","inLanguage":"fr-FR","potentialAction":[{"@type":"ReadAction","target":["https:\/\/actriumtt.com\/actrium-evreux\/conditions-generales-utilisations\/"]}]},{"@type":"WebSite","@id":"https:\/\/actriumtt.com\/actrium-evreux\/#website","url":"https:\/\/actriumtt.com\/actrium-evreux\/","name":"Actrium Evreux","description":"","potentialAction":[{"@type":"SearchAction","target":{"@type":"EntryPoint","urlTemplate":"https:\/\/actriumtt.com\/actrium-evreux\/?s={search_term_string}"},"query-input":{"@type":"PropertyValueSpecification","valueRequired":true,"valueName":"search_term_string"}}],"inLanguage":"fr-FR"}]}},"_links":{"self":[{"href":"https:\/\/actriumtt.com\/actrium-evreux\/wp-json\/wp\/v2\/pages\/26","targetHints":{"allow":["GET"]}}],"collection":[{"href":"https:\/\/actriumtt.com\/actrium-evreux\/wp-json\/wp\/v2\/pages"}],"about":[{"href":"https:\/\/actriumtt.com\/actrium-evreux\/wp-json\/wp\/v2\/types\/page"}],"author":[{"embeddable":true,"href":"https:\/\/actriumtt.com\/actrium-evreux\/wp-json\/wp\/v2\/users\/2"}],"replies":[{"embeddable":true,"href":"https:\/\/actriumtt.com\/actrium-evreux\/wp-json\/wp\/v2\/comments?post=26"}],"version-history":[{"count":5,"href":"https:\/\/actriumtt.com\/actrium-evreux\/wp-json\/wp\/v2\/pages\/26\/revisions"}],"predecessor-version":[{"id":77,"href":"https:\/\/actriumtt.com\/actrium-evreux\/wp-json\/wp\/v2\/pages\/26\/revisions\/77"}],"wp:attachment":[{"href":"https:\/\/actriumtt.com\/actrium-evreux\/wp-json\/wp\/v2\/media?parent=26"}],"curies":[{"name":"wp","href":"https:\/\/api.w.org\/{rel}","templated":true}]}}